{"id":407,"date":"2024-02-19T18:11:55","date_gmt":"2024-02-19T14:11:55","guid":{"rendered":"https:\/\/ksavisa.org\/home\/"},"modified":"2025-02-23T14:40:37","modified_gmt":"2025-02-23T10:40:37","slug":"home","status":"publish","type":"page","link":"https:\/\/ksavisa.org\/de\/","title":{"rendered":"KSA-Visum"},"content":{"rendered":"","protected":false},"excerpt":{"rendered":"","protected":false},"author":1,"featured_media":409,"parent":0,"menu_order":0,"comment_status":"closed","ping_status":"closed","template":"template-home.php","meta":{"_acf_changed":false,"inline_featured_image":false,"footnotes":""},"class_list":["post-407","page","type-page","status-publish","has-post-thumbnail","hentry"],"acf":[],"yoast_head":"<!-- This site is optimized with the Yoast SEO Premium plugin v24.9 (Yoast SEO v24.9) - https:\/\/yoast.com\/wordpress\/plugins\/seo\/ -->\n<title>KSA-Visum: Ihr Leitfaden zur Beantragung eines Visums f\u00fcr Saudi-Arabien<\/title>\n<meta name=\"description\" content=\"Erfahren Sie alles, was Sie \u00fcber die Beantragung eines Visums f\u00fcr Saudi-Arabien wissen m\u00fcssen, einschlie\u00dflich Voraussetzungen, Geb\u00fchren und dem Antragsverfahren. Optimieren Sie Ihren KSA-Visum-Prozess mit unserem umfassenden Leitfaden.\" \/>\n<meta name=\"robots\" content=\"index, follow, max-snippet:-1, max-image-preview:large, max-video-preview:-1\" \/>\n<link rel=\"canonical\" href=\"https:\/\/ksavisa.org\/de\/\" \/>\n<meta property=\"og:locale\" content=\"de_DE\" \/>\n<meta property=\"og:type\" content=\"article\" \/>\n<meta property=\"og:title\" content=\"KSA-Visum: Ihr Leitfaden zur Beantragung eines Visums f\u00fcr Saudi-Arabien\" \/>\n<meta property=\"og:description\" content=\"Erfahren Sie alles, was Sie \u00fcber die Beantragung eines Visums f\u00fcr Saudi-Arabien wissen m\u00fcssen, einschlie\u00dflich Voraussetzungen, Geb\u00fchren und dem Antragsverfahren. Optimieren Sie Ihren KSA-Visum-Prozess mit unserem umfassenden Leitfaden.\" \/>\n<meta property=\"og:url\" content=\"https:\/\/ksavisa.org\/de\/\" \/>\n<meta property=\"og:site_name\" content=\"KSAvisa.org\" \/>\n<meta property=\"article:modified_time\" content=\"2025-02-23T10:40:37+00:00\" \/>\n<meta property=\"og:image\" content=\"https:\/\/ksavisa.org\/wp-content\/uploads\/2024\/10\/Riyadh.webp\" \/>\n\t<meta property=\"og:image:width\" content=\"2000\" \/>\n\t<meta property=\"og:image:height\" content=\"995\" \/>\n\t<meta property=\"og:image:type\" content=\"image\/webp\" \/>\n<meta name=\"twitter:card\" content=\"summary_large_image\" \/>\n<meta name=\"twitter:title\" content=\"KSA-Visum\" \/>\n<meta name=\"twitter:label1\" content=\"Gesch\u00e4tzte Lesezeit\" \/>\n\t<meta name=\"twitter:data1\" content=\"1\u00a0Minute\" \/>\n<script type=\"application\/ld+json\" class=\"yoast-schema-graph\">{\"@context\":\"https:\/\/schema.org\",\"@graph\":[{\"@type\":\"WebPage\",\"@id\":\"https:\/\/ksavisa.org\/de\/\",\"url\":\"https:\/\/ksavisa.org\/de\/\",\"name\":\"KSA-Visum: Ihr Leitfaden zur Beantragung eines Visums f\u00fcr Saudi-Arabien\",\"isPartOf\":{\"@id\":\"https:\/\/ksavisa.org\/de\/#website\"},\"primaryImageOfPage\":{\"@id\":\"https:\/\/ksavisa.org\/de\/#primaryimage\"},\"image\":{\"@id\":\"https:\/\/ksavisa.org\/de\/#primaryimage\"},\"thumbnailUrl\":\"https:\/\/ksavisa.org\/wp-content\/uploads\/2024\/10\/Riyadh.webp\",\"datePublished\":\"2024-02-19T14:11:55+00:00\",\"dateModified\":\"2025-02-23T10:40:37+00:00\",\"description\":\"Erfahren Sie alles, was Sie \u00fcber die Beantragung eines Visums f\u00fcr Saudi-Arabien wissen m\u00fcssen, einschlie\u00dflich Voraussetzungen, Geb\u00fchren und dem Antragsverfahren. Optimieren Sie Ihren KSA-Visum-Prozess mit unserem umfassenden Leitfaden.\",\"breadcrumb\":{\"@id\":\"https:\/\/ksavisa.org\/de\/#breadcrumb\"},\"inLanguage\":\"de\",\"potentialAction\":[{\"@type\":\"ReadAction\",\"target\":[\"https:\/\/ksavisa.org\/de\/\"]}]},{\"@type\":\"ImageObject\",\"inLanguage\":\"de\",\"@id\":\"https:\/\/ksavisa.org\/de\/#primaryimage\",\"url\":\"https:\/\/ksavisa.org\/wp-content\/uploads\/2024\/10\/Riyadh.webp\",\"contentUrl\":\"https:\/\/ksavisa.org\/wp-content\/uploads\/2024\/10\/Riyadh.webp\",\"width\":2000,\"height\":995},{\"@type\":\"BreadcrumbList\",\"@id\":\"https:\/\/ksavisa.org\/de\/#breadcrumb\",\"itemListElement\":[{\"@type\":\"ListItem\",\"position\":1,\"name\":\"Home\",\"item\":\"https:\/\/ksavisa.org\/de\/\"},{\"@type\":\"ListItem\",\"position\":2,\"name\":\"KSA-Visum\"}]},{\"@type\":\"WebSite\",\"@id\":\"https:\/\/ksavisa.org\/de\/#website\",\"url\":\"https:\/\/ksavisa.org\/de\/\",\"name\":\"KSAvisa.org\",\"description\":\"\",\"potentialAction\":[{\"@type\":\"SearchAction\",\"target\":{\"@type\":\"EntryPoint\",\"urlTemplate\":\"https:\/\/ksavisa.org\/de\/?s={search_term_string}\"},\"query-input\":{\"@type\":\"PropertyValueSpecification\",\"valueRequired\":true,\"valueName\":\"search_term_string\"}}],\"inLanguage\":\"de\"}]}<\/script>\n<!-- \/ Yoast SEO Premium plugin. -->","yoast_head_json":{"title":"KSA-Visum: Ihr Leitfaden zur Beantragung eines Visums f\u00fcr Saudi-Arabien","description":"Erfahren Sie alles, was Sie \u00fcber die Beantragung eines Visums f\u00fcr Saudi-Arabien wissen m\u00fcssen, einschlie\u00dflich Voraussetzungen, Geb\u00fchren und dem Antragsverfahren. Optimieren Sie Ihren KSA-Visum-Prozess mit unserem umfassenden Leitfaden.","robots":{"index":"index","follow":"follow","max-snippet":"max-snippet:-1","max-image-preview":"max-image-preview:large","max-video-preview":"max-video-preview:-1"},"canonical":"https:\/\/ksavisa.org\/de\/","og_locale":"de_DE","og_type":"article","og_title":"KSA-Visum: Ihr Leitfaden zur Beantragung eines Visums f\u00fcr Saudi-Arabien","og_description":"Erfahren Sie alles, was Sie \u00fcber die Beantragung eines Visums f\u00fcr Saudi-Arabien wissen m\u00fcssen, einschlie\u00dflich Voraussetzungen, Geb\u00fchren und dem Antragsverfahren. Optimieren Sie Ihren KSA-Visum-Prozess mit unserem umfassenden Leitfaden.","og_url":"https:\/\/ksavisa.org\/de\/","og_site_name":"KSAvisa.org","article_modified_time":"2025-02-23T10:40:37+00:00","og_image":[{"width":2000,"height":995,"url":"https:\/\/ksavisa.org\/wp-content\/uploads\/2024\/10\/Riyadh.webp","type":"image\/webp"}],"twitter_card":"summary_large_image","twitter_title":"KSA-Visum","twitter_misc":{"Gesch\u00e4tzte Lesezeit":"1\u00a0Minute"},"schema":{"@context":"https:\/\/schema.org","@graph":[{"@type":"WebPage","@id":"https:\/\/ksavisa.org\/de\/","url":"https:\/\/ksavisa.org\/de\/","name":"KSA-Visum: Ihr Leitfaden zur Beantragung eines Visums f\u00fcr Saudi-Arabien","isPartOf":{"@id":"https:\/\/ksavisa.org\/de\/#website"},"primaryImageOfPage":{"@id":"https:\/\/ksavisa.org\/de\/#primaryimage"},"image":{"@id":"https:\/\/ksavisa.org\/de\/#primaryimage"},"thumbnailUrl":"https:\/\/ksavisa.org\/wp-content\/uploads\/2024\/10\/Riyadh.webp","datePublished":"2024-02-19T14:11:55+00:00","dateModified":"2025-02-23T10:40:37+00:00","description":"Erfahren Sie alles, was Sie \u00fcber die Beantragung eines Visums f\u00fcr Saudi-Arabien wissen m\u00fcssen, einschlie\u00dflich Voraussetzungen, Geb\u00fchren und dem Antragsverfahren. Optimieren Sie Ihren KSA-Visum-Prozess mit unserem umfassenden Leitfaden.","breadcrumb":{"@id":"https:\/\/ksavisa.org\/de\/#breadcrumb"},"inLanguage":"de","potentialAction":[{"@type":"ReadAction","target":["https:\/\/ksavisa.org\/de\/"]}]},{"@type":"ImageObject","inLanguage":"de","@id":"https:\/\/ksavisa.org\/de\/#primaryimage","url":"https:\/\/ksavisa.org\/wp-content\/uploads\/2024\/10\/Riyadh.webp","contentUrl":"https:\/\/ksavisa.org\/wp-content\/uploads\/2024\/10\/Riyadh.webp","width":2000,"height":995},{"@type":"BreadcrumbList","@id":"https:\/\/ksavisa.org\/de\/#breadcrumb","itemListElement":[{"@type":"ListItem","position":1,"name":"Home","item":"https:\/\/ksavisa.org\/de\/"},{"@type":"ListItem","position":2,"name":"KSA-Visum"}]},{"@type":"WebSite","@id":"https:\/\/ksavisa.org\/de\/#website","url":"https:\/\/ksavisa.org\/de\/","name":"KSAvisa.org","description":"","potentialAction":[{"@type":"SearchAction","target":{"@type":"EntryPoint","urlTemplate":"https:\/\/ksavisa.org\/de\/?s={search_term_string}"},"query-input":{"@type":"PropertyValueSpecification","valueRequired":true,"valueName":"search_term_string"}}],"inLanguage":"de"}]}},"_links":{"self":[{"href":"https:\/\/ksavisa.org\/de\/wp-json\/wp\/v2\/pages\/407","targetHints":{"allow":["GET"]}}],"collection":[{"href":"https:\/\/ksavisa.org\/de\/wp-json\/wp\/v2\/pages"}],"about":[{"href":"https:\/\/ksavisa.org\/de\/wp-json\/wp\/v2\/types\/page"}],"author":[{"embeddable":true,"href":"https:\/\/ksavisa.org\/de\/wp-json\/wp\/v2\/users\/1"}],"replies":[{"embeddable":true,"href":"https:\/\/ksavisa.org\/de\/wp-json\/wp\/v2\/comments?post=407"}],"version-history":[{"count":2,"href":"https:\/\/ksavisa.org\/de\/wp-json\/wp\/v2\/pages\/407\/revisions"}],"predecessor-version":[{"id":646,"href":"https:\/\/ksavisa.org\/de\/wp-json\/wp\/v2\/pages\/407\/revisions\/646"}],"wp:featuredmedia":[{"embeddable":true,"href":"https:\/\/ksavisa.org\/de\/wp-json\/wp\/v2\/media\/409"}],"wp:attachment":[{"href":"https:\/\/ksavisa.org\/de\/wp-json\/wp\/v2\/media?parent=407"}],"curies":[{"name":"wp","href":"https:\/\/api.w.org\/{rel}","templated":true}]}}