{"id":379,"date":"2024-02-19T18:11:55","date_gmt":"2024-02-19T14:11:55","guid":{"rendered":"https:\/\/ksavisa.org\/home\/"},"modified":"2025-02-23T14:45:57","modified_gmt":"2025-02-23T10:45:57","slug":"home","status":"publish","type":"page","link":"https:\/\/ksavisa.org\/es\/","title":{"rendered":"Visado KSA"},"content":{"rendered":"","protected":false},"excerpt":{"rendered":"","protected":false},"author":1,"featured_media":381,"parent":0,"menu_order":0,"comment_status":"closed","ping_status":"closed","template":"template-home.php","meta":{"_acf_changed":false,"inline_featured_image":false,"footnotes":""},"class_list":["post-379","page","type-page","status-publish","has-post-thumbnail","hentry"],"acf":[],"yoast_head":"<!-- This site is optimized with the Yoast SEO Premium plugin v24.9 (Yoast SEO v24.9) - https:\/\/yoast.com\/wordpress\/plugins\/seo\/ -->\n<title>Visado KSA: Su gu\u00eda para obtener un visado de Arabia Saud\u00ed<\/title>\n<meta name=\"description\" content=\"Conozca todo lo que necesita saber sobre la obtenci\u00f3n de un visado para entrar a Arabia Saud\u00ed, incluyendo los requisitos, tarifas y proceso de solicitud. Simplifique su proceso de visado KSA con nuestra gu\u00eda exhaustiva.\" \/>\n<meta name=\"robots\" content=\"index, follow, max-snippet:-1, max-image-preview:large, max-video-preview:-1\" \/>\n<link rel=\"canonical\" href=\"https:\/\/ksavisa.org\/es\/\" \/>\n<meta property=\"og:locale\" content=\"es_ES\" \/>\n<meta property=\"og:type\" content=\"article\" \/>\n<meta property=\"og:title\" content=\"Visado KSA: Su gu\u00eda para obtener un visado de Arabia Saud\u00ed\" \/>\n<meta property=\"og:description\" content=\"Conozca todo lo que necesita saber sobre la obtenci\u00f3n de un visado para entrar a Arabia Saud\u00ed, incluyendo los requisitos, tarifas y proceso de solicitud. Simplifique su proceso de visado KSA con nuestra gu\u00eda exhaustiva.\" \/>\n<meta property=\"og:url\" content=\"https:\/\/ksavisa.org\/es\/\" \/>\n<meta property=\"og:site_name\" content=\"KSAvisa.org\" \/>\n<meta property=\"article:modified_time\" content=\"2025-02-23T10:45:57+00:00\" \/>\n<meta property=\"og:image\" content=\"https:\/\/ksavisa.org\/wp-content\/uploads\/2024\/10\/Riyadh.webp\" \/>\n\t<meta property=\"og:image:width\" content=\"2000\" \/>\n\t<meta property=\"og:image:height\" content=\"995\" \/>\n\t<meta property=\"og:image:type\" content=\"image\/webp\" \/>\n<meta name=\"twitter:card\" content=\"summary_large_image\" \/>\n<meta name=\"twitter:title\" content=\"Visado KSA\" \/>\n<meta name=\"twitter:label1\" content=\"Tiempo de lectura\" \/>\n\t<meta name=\"twitter:data1\" content=\"1 minuto\" \/>\n<script type=\"application\/ld+json\" class=\"yoast-schema-graph\">{\"@context\":\"https:\/\/schema.org\",\"@graph\":[{\"@type\":\"WebPage\",\"@id\":\"https:\/\/ksavisa.org\/es\/\",\"url\":\"https:\/\/ksavisa.org\/es\/\",\"name\":\"Visado KSA: Su gu\u00eda para obtener un visado de Arabia Saud\u00ed\",\"isPartOf\":{\"@id\":\"https:\/\/ksavisa.org\/es\/#website\"},\"primaryImageOfPage\":{\"@id\":\"https:\/\/ksavisa.org\/es\/#primaryimage\"},\"image\":{\"@id\":\"https:\/\/ksavisa.org\/es\/#primaryimage\"},\"thumbnailUrl\":\"https:\/\/ksavisa.org\/wp-content\/uploads\/2024\/10\/Riyadh.webp\",\"datePublished\":\"2024-02-19T14:11:55+00:00\",\"dateModified\":\"2025-02-23T10:45:57+00:00\",\"description\":\"Conozca todo lo que necesita saber sobre la obtenci\u00f3n de un visado para entrar a Arabia Saud\u00ed, incluyendo los requisitos, tarifas y proceso de solicitud. Simplifique su proceso de visado KSA con nuestra gu\u00eda exhaustiva.\",\"breadcrumb\":{\"@id\":\"https:\/\/ksavisa.org\/es\/#breadcrumb\"},\"inLanguage\":\"es\",\"potentialAction\":[{\"@type\":\"ReadAction\",\"target\":[\"https:\/\/ksavisa.org\/es\/\"]}]},{\"@type\":\"ImageObject\",\"inLanguage\":\"es\",\"@id\":\"https:\/\/ksavisa.org\/es\/#primaryimage\",\"url\":\"https:\/\/ksavisa.org\/wp-content\/uploads\/2024\/10\/Riyadh.webp\",\"contentUrl\":\"https:\/\/ksavisa.org\/wp-content\/uploads\/2024\/10\/Riyadh.webp\",\"width\":2000,\"height\":995},{\"@type\":\"BreadcrumbList\",\"@id\":\"https:\/\/ksavisa.org\/es\/#breadcrumb\",\"itemListElement\":[{\"@type\":\"ListItem\",\"position\":1,\"name\":\"Home\",\"item\":\"https:\/\/ksavisa.org\/es\/\"},{\"@type\":\"ListItem\",\"position\":2,\"name\":\"Visado KSA\"}]},{\"@type\":\"WebSite\",\"@id\":\"https:\/\/ksavisa.org\/es\/#website\",\"url\":\"https:\/\/ksavisa.org\/es\/\",\"name\":\"KSAvisa.org\",\"description\":\"\",\"potentialAction\":[{\"@type\":\"SearchAction\",\"target\":{\"@type\":\"EntryPoint\",\"urlTemplate\":\"https:\/\/ksavisa.org\/es\/?s={search_term_string}\"},\"query-input\":{\"@type\":\"PropertyValueSpecification\",\"valueRequired\":true,\"valueName\":\"search_term_string\"}}],\"inLanguage\":\"es\"}]}<\/script>\n<!-- \/ Yoast SEO Premium plugin. -->","yoast_head_json":{"title":"Visado KSA: Su gu\u00eda para obtener un visado de Arabia Saud\u00ed","description":"Conozca todo lo que necesita saber sobre la obtenci\u00f3n de un visado para entrar a Arabia Saud\u00ed, incluyendo los requisitos, tarifas y proceso de solicitud. Simplifique su proceso de visado KSA con nuestra gu\u00eda exhaustiva.","robots":{"index":"index","follow":"follow","max-snippet":"max-snippet:-1","max-image-preview":"max-image-preview:large","max-video-preview":"max-video-preview:-1"},"canonical":"https:\/\/ksavisa.org\/es\/","og_locale":"es_ES","og_type":"article","og_title":"Visado KSA: Su gu\u00eda para obtener un visado de Arabia Saud\u00ed","og_description":"Conozca todo lo que necesita saber sobre la obtenci\u00f3n de un visado para entrar a Arabia Saud\u00ed, incluyendo los requisitos, tarifas y proceso de solicitud. Simplifique su proceso de visado KSA con nuestra gu\u00eda exhaustiva.","og_url":"https:\/\/ksavisa.org\/es\/","og_site_name":"KSAvisa.org","article_modified_time":"2025-02-23T10:45:57+00:00","og_image":[{"width":2000,"height":995,"url":"https:\/\/ksavisa.org\/wp-content\/uploads\/2024\/10\/Riyadh.webp","type":"image\/webp"}],"twitter_card":"summary_large_image","twitter_title":"Visado KSA","twitter_misc":{"Tiempo de lectura":"1 minuto"},"schema":{"@context":"https:\/\/schema.org","@graph":[{"@type":"WebPage","@id":"https:\/\/ksavisa.org\/es\/","url":"https:\/\/ksavisa.org\/es\/","name":"Visado KSA: Su gu\u00eda para obtener un visado de Arabia Saud\u00ed","isPartOf":{"@id":"https:\/\/ksavisa.org\/es\/#website"},"primaryImageOfPage":{"@id":"https:\/\/ksavisa.org\/es\/#primaryimage"},"image":{"@id":"https:\/\/ksavisa.org\/es\/#primaryimage"},"thumbnailUrl":"https:\/\/ksavisa.org\/wp-content\/uploads\/2024\/10\/Riyadh.webp","datePublished":"2024-02-19T14:11:55+00:00","dateModified":"2025-02-23T10:45:57+00:00","description":"Conozca todo lo que necesita saber sobre la obtenci\u00f3n de un visado para entrar a Arabia Saud\u00ed, incluyendo los requisitos, tarifas y proceso de solicitud. Simplifique su proceso de visado KSA con nuestra gu\u00eda exhaustiva.","breadcrumb":{"@id":"https:\/\/ksavisa.org\/es\/#breadcrumb"},"inLanguage":"es","potentialAction":[{"@type":"ReadAction","target":["https:\/\/ksavisa.org\/es\/"]}]},{"@type":"ImageObject","inLanguage":"es","@id":"https:\/\/ksavisa.org\/es\/#primaryimage","url":"https:\/\/ksavisa.org\/wp-content\/uploads\/2024\/10\/Riyadh.webp","contentUrl":"https:\/\/ksavisa.org\/wp-content\/uploads\/2024\/10\/Riyadh.webp","width":2000,"height":995},{"@type":"BreadcrumbList","@id":"https:\/\/ksavisa.org\/es\/#breadcrumb","itemListElement":[{"@type":"ListItem","position":1,"name":"Home","item":"https:\/\/ksavisa.org\/es\/"},{"@type":"ListItem","position":2,"name":"Visado KSA"}]},{"@type":"WebSite","@id":"https:\/\/ksavisa.org\/es\/#website","url":"https:\/\/ksavisa.org\/es\/","name":"KSAvisa.org","description":"","potentialAction":[{"@type":"SearchAction","target":{"@type":"EntryPoint","urlTemplate":"https:\/\/ksavisa.org\/es\/?s={search_term_string}"},"query-input":{"@type":"PropertyValueSpecification","valueRequired":true,"valueName":"search_term_string"}}],"inLanguage":"es"}]}},"_links":{"self":[{"href":"https:\/\/ksavisa.org\/es\/wp-json\/wp\/v2\/pages\/379","targetHints":{"allow":["GET"]}}],"collection":[{"href":"https:\/\/ksavisa.org\/es\/wp-json\/wp\/v2\/pages"}],"about":[{"href":"https:\/\/ksavisa.org\/es\/wp-json\/wp\/v2\/types\/page"}],"author":[{"embeddable":true,"href":"https:\/\/ksavisa.org\/es\/wp-json\/wp\/v2\/users\/1"}],"replies":[{"embeddable":true,"href":"https:\/\/ksavisa.org\/es\/wp-json\/wp\/v2\/comments?post=379"}],"version-history":[{"count":3,"href":"https:\/\/ksavisa.org\/es\/wp-json\/wp\/v2\/pages\/379\/revisions"}],"predecessor-version":[{"id":650,"href":"https:\/\/ksavisa.org\/es\/wp-json\/wp\/v2\/pages\/379\/revisions\/650"}],"wp:featuredmedia":[{"embeddable":true,"href":"https:\/\/ksavisa.org\/es\/wp-json\/wp\/v2\/media\/381"}],"wp:attachment":[{"href":"https:\/\/ksavisa.org\/es\/wp-json\/wp\/v2\/media?parent=379"}],"curies":[{"name":"wp","href":"https:\/\/api.w.org\/{rel}","templated":true}]}}