{"id":352,"date":"2024-02-19T18:11:55","date_gmt":"2024-02-19T14:11:55","guid":{"rendered":"https:\/\/ksavisa.org\/home\/"},"modified":"2025-02-23T14:48:17","modified_gmt":"2025-02-23T10:48:17","slug":"home","status":"publish","type":"page","link":"https:\/\/ksavisa.org\/tr\/","title":{"rendered":"KSA Vizesi"},"content":{"rendered":"","protected":false},"excerpt":{"rendered":"","protected":false},"author":1,"featured_media":354,"parent":0,"menu_order":0,"comment_status":"closed","ping_status":"closed","template":"template-home.php","meta":{"_acf_changed":false,"inline_featured_image":false,"footnotes":""},"class_list":["post-352","page","type-page","status-publish","has-post-thumbnail","hentry"],"acf":[],"yoast_head":"<!-- This site is optimized with the Yoast SEO Premium plugin v24.9 (Yoast SEO v24.9) - https:\/\/yoast.com\/wordpress\/plugins\/seo\/ -->\n<title>KSA Vizesi: Suudi Arabistan i\u00e7in Vize Alma Rehberiniz<\/title>\n<meta name=\"description\" content=\"Suudi Arabistan vizesi hakk\u0131nda bilmeniz gereken her \u015feyi \u00f6\u011frenin. Gerekenler, \u00fccretler ve ba\u015fvuru s\u00fcreci hakk\u0131nda bilgi al\u0131n. Kapsaml\u0131 rehberimizle KSA vize i\u015flemlerinizi kolayla\u015ft\u0131r\u0131n.\" \/>\n<meta name=\"robots\" content=\"index, follow, max-snippet:-1, max-image-preview:large, max-video-preview:-1\" \/>\n<link rel=\"canonical\" href=\"https:\/\/ksavisa.org\/tr\/\" \/>\n<meta property=\"og:locale\" content=\"tr_TR\" \/>\n<meta property=\"og:type\" content=\"article\" \/>\n<meta property=\"og:title\" content=\"KSA Vizesi: Suudi Arabistan i\u00e7in Vize Alma Rehberiniz\" \/>\n<meta property=\"og:description\" content=\"Suudi Arabistan vizesi hakk\u0131nda bilmeniz gereken her \u015feyi \u00f6\u011frenin. Gerekenler, \u00fccretler ve ba\u015fvuru s\u00fcreci hakk\u0131nda bilgi al\u0131n. Kapsaml\u0131 rehberimizle KSA vize i\u015flemlerinizi kolayla\u015ft\u0131r\u0131n.\" \/>\n<meta property=\"og:url\" content=\"https:\/\/ksavisa.org\/tr\/\" \/>\n<meta property=\"og:site_name\" content=\"KSAvisa.org\" \/>\n<meta property=\"article:modified_time\" content=\"2025-02-23T10:48:17+00:00\" \/>\n<meta property=\"og:image\" content=\"https:\/\/ksavisa.org\/wp-content\/uploads\/2024\/10\/Riyadh.webp\" \/>\n\t<meta property=\"og:image:width\" content=\"2000\" \/>\n\t<meta property=\"og:image:height\" content=\"995\" \/>\n\t<meta property=\"og:image:type\" content=\"image\/webp\" \/>\n<meta name=\"twitter:card\" content=\"summary_large_image\" \/>\n<meta name=\"twitter:title\" content=\"KSA Vizesi\" \/>\n<meta name=\"twitter:label1\" content=\"Tahmini okuma s\u00fcresi\" \/>\n\t<meta name=\"twitter:data1\" content=\"1 dakika\" \/>\n<script type=\"application\/ld+json\" class=\"yoast-schema-graph\">{\"@context\":\"https:\/\/schema.org\",\"@graph\":[{\"@type\":\"WebPage\",\"@id\":\"https:\/\/ksavisa.org\/tr\/\",\"url\":\"https:\/\/ksavisa.org\/tr\/\",\"name\":\"KSA Vizesi: Suudi Arabistan i\u00e7in Vize Alma Rehberiniz\",\"isPartOf\":{\"@id\":\"https:\/\/ksavisa.org\/tr\/#website\"},\"primaryImageOfPage\":{\"@id\":\"https:\/\/ksavisa.org\/tr\/#primaryimage\"},\"image\":{\"@id\":\"https:\/\/ksavisa.org\/tr\/#primaryimage\"},\"thumbnailUrl\":\"https:\/\/ksavisa.org\/wp-content\/uploads\/2024\/10\/Riyadh.webp\",\"datePublished\":\"2024-02-19T14:11:55+00:00\",\"dateModified\":\"2025-02-23T10:48:17+00:00\",\"description\":\"Suudi Arabistan vizesi hakk\u0131nda bilmeniz gereken her \u015feyi \u00f6\u011frenin. Gerekenler, \u00fccretler ve ba\u015fvuru s\u00fcreci hakk\u0131nda bilgi al\u0131n. Kapsaml\u0131 rehberimizle KSA vize i\u015flemlerinizi kolayla\u015ft\u0131r\u0131n.\",\"breadcrumb\":{\"@id\":\"https:\/\/ksavisa.org\/tr\/#breadcrumb\"},\"inLanguage\":\"tr\",\"potentialAction\":[{\"@type\":\"ReadAction\",\"target\":[\"https:\/\/ksavisa.org\/tr\/\"]}]},{\"@type\":\"ImageObject\",\"inLanguage\":\"tr\",\"@id\":\"https:\/\/ksavisa.org\/tr\/#primaryimage\",\"url\":\"https:\/\/ksavisa.org\/wp-content\/uploads\/2024\/10\/Riyadh.webp\",\"contentUrl\":\"https:\/\/ksavisa.org\/wp-content\/uploads\/2024\/10\/Riyadh.webp\",\"width\":2000,\"height\":995},{\"@type\":\"BreadcrumbList\",\"@id\":\"https:\/\/ksavisa.org\/tr\/#breadcrumb\",\"itemListElement\":[{\"@type\":\"ListItem\",\"position\":1,\"name\":\"Home\",\"item\":\"https:\/\/ksavisa.org\/tr\/\"},{\"@type\":\"ListItem\",\"position\":2,\"name\":\"KSA Vizesi\"}]},{\"@type\":\"WebSite\",\"@id\":\"https:\/\/ksavisa.org\/tr\/#website\",\"url\":\"https:\/\/ksavisa.org\/tr\/\",\"name\":\"KSAvisa.org\",\"description\":\"\",\"potentialAction\":[{\"@type\":\"SearchAction\",\"target\":{\"@type\":\"EntryPoint\",\"urlTemplate\":\"https:\/\/ksavisa.org\/tr\/?s={search_term_string}\"},\"query-input\":{\"@type\":\"PropertyValueSpecification\",\"valueRequired\":true,\"valueName\":\"search_term_string\"}}],\"inLanguage\":\"tr\"}]}<\/script>\n<!-- \/ Yoast SEO Premium plugin. -->","yoast_head_json":{"title":"KSA Vizesi: Suudi Arabistan i\u00e7in Vize Alma Rehberiniz","description":"Suudi Arabistan vizesi hakk\u0131nda bilmeniz gereken her \u015feyi \u00f6\u011frenin. Gerekenler, \u00fccretler ve ba\u015fvuru s\u00fcreci hakk\u0131nda bilgi al\u0131n. Kapsaml\u0131 rehberimizle KSA vize i\u015flemlerinizi kolayla\u015ft\u0131r\u0131n.","robots":{"index":"index","follow":"follow","max-snippet":"max-snippet:-1","max-image-preview":"max-image-preview:large","max-video-preview":"max-video-preview:-1"},"canonical":"https:\/\/ksavisa.org\/tr\/","og_locale":"tr_TR","og_type":"article","og_title":"KSA Vizesi: Suudi Arabistan i\u00e7in Vize Alma Rehberiniz","og_description":"Suudi Arabistan vizesi hakk\u0131nda bilmeniz gereken her \u015feyi \u00f6\u011frenin. Gerekenler, \u00fccretler ve ba\u015fvuru s\u00fcreci hakk\u0131nda bilgi al\u0131n. Kapsaml\u0131 rehberimizle KSA vize i\u015flemlerinizi kolayla\u015ft\u0131r\u0131n.","og_url":"https:\/\/ksavisa.org\/tr\/","og_site_name":"KSAvisa.org","article_modified_time":"2025-02-23T10:48:17+00:00","og_image":[{"width":2000,"height":995,"url":"https:\/\/ksavisa.org\/wp-content\/uploads\/2024\/10\/Riyadh.webp","type":"image\/webp"}],"twitter_card":"summary_large_image","twitter_title":"KSA Vizesi","twitter_misc":{"Tahmini okuma s\u00fcresi":"1 dakika"},"schema":{"@context":"https:\/\/schema.org","@graph":[{"@type":"WebPage","@id":"https:\/\/ksavisa.org\/tr\/","url":"https:\/\/ksavisa.org\/tr\/","name":"KSA Vizesi: Suudi Arabistan i\u00e7in Vize Alma Rehberiniz","isPartOf":{"@id":"https:\/\/ksavisa.org\/tr\/#website"},"primaryImageOfPage":{"@id":"https:\/\/ksavisa.org\/tr\/#primaryimage"},"image":{"@id":"https:\/\/ksavisa.org\/tr\/#primaryimage"},"thumbnailUrl":"https:\/\/ksavisa.org\/wp-content\/uploads\/2024\/10\/Riyadh.webp","datePublished":"2024-02-19T14:11:55+00:00","dateModified":"2025-02-23T10:48:17+00:00","description":"Suudi Arabistan vizesi hakk\u0131nda bilmeniz gereken her \u015feyi \u00f6\u011frenin. Gerekenler, \u00fccretler ve ba\u015fvuru s\u00fcreci hakk\u0131nda bilgi al\u0131n. Kapsaml\u0131 rehberimizle KSA vize i\u015flemlerinizi kolayla\u015ft\u0131r\u0131n.","breadcrumb":{"@id":"https:\/\/ksavisa.org\/tr\/#breadcrumb"},"inLanguage":"tr","potentialAction":[{"@type":"ReadAction","target":["https:\/\/ksavisa.org\/tr\/"]}]},{"@type":"ImageObject","inLanguage":"tr","@id":"https:\/\/ksavisa.org\/tr\/#primaryimage","url":"https:\/\/ksavisa.org\/wp-content\/uploads\/2024\/10\/Riyadh.webp","contentUrl":"https:\/\/ksavisa.org\/wp-content\/uploads\/2024\/10\/Riyadh.webp","width":2000,"height":995},{"@type":"BreadcrumbList","@id":"https:\/\/ksavisa.org\/tr\/#breadcrumb","itemListElement":[{"@type":"ListItem","position":1,"name":"Home","item":"https:\/\/ksavisa.org\/tr\/"},{"@type":"ListItem","position":2,"name":"KSA Vizesi"}]},{"@type":"WebSite","@id":"https:\/\/ksavisa.org\/tr\/#website","url":"https:\/\/ksavisa.org\/tr\/","name":"KSAvisa.org","description":"","potentialAction":[{"@type":"SearchAction","target":{"@type":"EntryPoint","urlTemplate":"https:\/\/ksavisa.org\/tr\/?s={search_term_string}"},"query-input":{"@type":"PropertyValueSpecification","valueRequired":true,"valueName":"search_term_string"}}],"inLanguage":"tr"}]}},"_links":{"self":[{"href":"https:\/\/ksavisa.org\/tr\/wp-json\/wp\/v2\/pages\/352","targetHints":{"allow":["GET"]}}],"collection":[{"href":"https:\/\/ksavisa.org\/tr\/wp-json\/wp\/v2\/pages"}],"about":[{"href":"https:\/\/ksavisa.org\/tr\/wp-json\/wp\/v2\/types\/page"}],"author":[{"embeddable":true,"href":"https:\/\/ksavisa.org\/tr\/wp-json\/wp\/v2\/users\/1"}],"replies":[{"embeddable":true,"href":"https:\/\/ksavisa.org\/tr\/wp-json\/wp\/v2\/comments?post=352"}],"version-history":[{"count":2,"href":"https:\/\/ksavisa.org\/tr\/wp-json\/wp\/v2\/pages\/352\/revisions"}],"predecessor-version":[{"id":652,"href":"https:\/\/ksavisa.org\/tr\/wp-json\/wp\/v2\/pages\/352\/revisions\/652"}],"wp:featuredmedia":[{"embeddable":true,"href":"https:\/\/ksavisa.org\/tr\/wp-json\/wp\/v2\/media\/354"}],"wp:attachment":[{"href":"https:\/\/ksavisa.org\/tr\/wp-json\/wp\/v2\/media?parent=352"}],"curies":[{"name":"wp","href":"https:\/\/api.w.org\/{rel}","templated":true}]}}